{"id":145,"date":"2026-04-04T07:56:12","date_gmt":"2026-04-04T07:56:12","guid":{"rendered":"https:\/\/yogtze.fr\/?page_id=145"},"modified":"2026-04-04T08:09:16","modified_gmt":"2026-04-04T08:09:16","slug":"castle-adventure","status":"publish","type":"page","link":"https:\/\/yogtze.fr\/","title":{"rendered":"Castle Adventure"},"content":{"rendered":"\n<figure class=\"wp-block-video\"><video height=\"720\" style=\"aspect-ratio: 960 \/ 720;\" width=\"960\" controls src=\"https:\/\/yogtze.fr\/wp-content\/uploads\/2026\/02\/finaltrailer.mp4\"><\/video><\/figure>\n\n\n\n<p>Now is the moment of truth\u2014choose your language:<\/p>\n\n\n\n<p>Fran\u00e7ais : <a href=\"https:\/\/yogtze.fr\/index.php\/pre-commandes-castle-adventure\/\" data-type=\"page\" data-id=\"105\">Pr\u00e9-commandes Castle Adventure<\/a><\/p>\n\n\n\n<p>English : <a href=\"https:\/\/yogtze.fr\/index.php\/castle-adventure-pre-order\/\" data-type=\"page\" data-id=\"112\">Castle Adventure pre-order<\/a><\/p>\n\n\n\n<p>Deutch : <a href=\"https:\/\/yogtze.fr\/index.php\/vorbestellungen-fur-castle-adventure\/\" data-type=\"page\" data-id=\"109\">Vorbestellungen f\u00fcr Castle Adventure<\/a><\/p>\n\n\n\n<p>Espa\u00f1ol : <a href=\"https:\/\/yogtze.fr\/index.php\/reservas-de-castle-adventure\/\" data-type=\"page\" data-id=\"115\">Reservas de Castle Adventure<\/a><\/p>\n\n\n\n<hr class=\"wp-block-separator has-alpha-channel-opacity\"\/>\n\n\n\n<p>Our social media :<\/p>\n\n\n\n<p>Youtube: <a href=\"https:\/\/youtube.com\/@guntherstoll-g8o?si=UcKqhlmbE7UJ9r0R\" data-type=\"link\" data-id=\"https:\/\/youtube.com\/@guntherstoll-g8o?si=UcKqhlmbE7UJ9r0R\">https:\/\/youtube.com\/@guntherstoll-g8o?si=UcKqhlmbE7UJ9r0R<\/a> <\/p>\n\n\n\n<p>Facebook : <a href=\"https:\/\/www.facebook.com\/yogtze.2024\" data-type=\"link\" data-id=\"https:\/\/www.facebook.com\/yogtze.2024\">https:\/\/www.facebook.com\/yogtze.2024<\/a><\/p>\n\n\n\n<p>Twitter : <a href=\"https:\/\/x.com\/StollG58654\" data-type=\"link\" data-id=\"https:\/\/x.com\/StollG58654\">https:\/\/x.com\/StollG58654<\/a><\/p>\n\n\n\n<p><\/p>\n\n\n\n<p><\/p>\n\n\n\n<p><\/p>\n","protected":false},"excerpt":{"rendered":"<p>Now is the moment of truth\u2014choose your language: Fran\u00e7ais : Pr\u00e9-commandes Castle Adventure English : Castle Adventure pre-order Deutch : Vorbestellungen f\u00fcr Castle Adventure Espa\u00f1ol : Reservas de Castle Adventure Our social media : Youtube: https:\/\/youtube.com\/@guntherstoll-g8o?si=UcKqhlmbE7UJ9r0R Facebook : https:\/\/www.facebook.com\/yogtze.2024 Twitter : https:\/\/x.com\/StollG58654<\/p>\n","protected":false},"author":1,"featured_media":0,"parent":0,"menu_order":0,"comment_status":"closed","ping_status":"closed","template":"","meta":{"footnotes":""},"class_list":["post-145","page","type-page","status-publish","hentry"],"_links":{"self":[{"href":"https:\/\/yogtze.fr\/index.php\/wp-json\/wp\/v2\/pages\/145","targetHints":{"allow":["GET"]}}],"collection":[{"href":"https:\/\/yogtze.fr\/index.php\/wp-json\/wp\/v2\/pages"}],"about":[{"href":"https:\/\/yogtze.fr\/index.php\/wp-json\/wp\/v2\/types\/page"}],"author":[{"embeddable":true,"href":"https:\/\/yogtze.fr\/index.php\/wp-json\/wp\/v2\/users\/1"}],"replies":[{"embeddable":true,"href":"https:\/\/yogtze.fr\/index.php\/wp-json\/wp\/v2\/comments?post=145"}],"version-history":[{"count":6,"href":"https:\/\/yogtze.fr\/index.php\/wp-json\/wp\/v2\/pages\/145\/revisions"}],"predecessor-version":[{"id":156,"href":"https:\/\/yogtze.fr\/index.php\/wp-json\/wp\/v2\/pages\/145\/revisions\/156"}],"wp:attachment":[{"href":"https:\/\/yogtze.fr\/index.php\/wp-json\/wp\/v2\/media?parent=145"}],"curies":[{"name":"wp","href":"https:\/\/api.w.org\/{rel}","templated":true}]}}