{"id":105,"date":"2026-04-03T15:50:30","date_gmt":"2026-04-03T15:50:30","guid":{"rendered":"https:\/\/yogtze.fr\/?page_id=105"},"modified":"2026-04-05T12:18:07","modified_gmt":"2026-04-05T12:18:07","slug":"pre-commandes-castle-adventure","status":"publish","type":"page","link":"https:\/\/yogtze.fr\/index.php\/pre-commandes-castle-adventure\/","title":{"rendered":"Pr\u00e9-commandes Castle Adventure"},"content":{"rendered":"\n<p><\/p>\n\n\n\n<p>Apr\u00e8s tant d&#8217;attente , Easter Egg est heureux de pouvoir vous pr\u00e9senter Castle Adventure !<\/p>\n\n\n\n<p>Castle Adventure c&#8217;est :<\/p>\n\n\n\n<ul class=\"wp-block-list\">\n<li>15 niveaux r\u00e9partis sur 5 zones<\/li>\n\n\n\n<li>Un bestiaire de 34 cr\u00e9atures diff\u00e9rentes<\/li>\n\n\n\n<li>10 combats \u00e9piques contre des Boss<\/li>\n\n\n\n<li>15 objets diff\u00e9rents \u00e0 d\u00e9couvrir pour am\u00e9liorer vos capacit\u00e9s<\/li>\n\n\n\n<li>3 fins diff\u00e9rentes avec 7 grades de compl\u00e9tion<\/li>\n\n\n\n<li>Un jeu disponible en 4 langues (Fran\u00e7ais,Anglais,Espagnol,Allemand)<\/li>\n\n\n\n<li>Une aventure unique pleine de myst\u00e8res et de d\u00e9couvertes !<\/li>\n<\/ul>\n\n\n\n<figure class=\"wp-block-gallery has-nested-images columns-default is-cropped wp-block-gallery-1 is-layout-flex wp-block-gallery-is-layout-flex\">\n<figure class=\"wp-block-image size-large\"><img loading=\"lazy\" decoding=\"async\" width=\"768\" height=\"540\" data-id=\"93\" src=\"https:\/\/yogtze.fr\/wp-content\/uploads\/2026\/03\/scr_title.png\" alt=\"\" class=\"wp-image-93\" srcset=\"https:\/\/yogtze.fr\/wp-content\/uploads\/2026\/03\/scr_title.png 768w, https:\/\/yogtze.fr\/wp-content\/uploads\/2026\/03\/scr_title-300x211.png 300w\" sizes=\"auto, (max-width: 768px) 100vw, 768px\" \/><\/figure>\n\n\n\n<figure class=\"wp-block-image size-large\"><img loading=\"lazy\" decoding=\"async\" width=\"649\" height=\"410\" data-id=\"90\" src=\"https:\/\/yogtze.fr\/wp-content\/uploads\/2026\/03\/scr_minos.png\" alt=\"\" class=\"wp-image-90\" srcset=\"https:\/\/yogtze.fr\/wp-content\/uploads\/2026\/03\/scr_minos.png 649w, https:\/\/yogtze.fr\/wp-content\/uploads\/2026\/03\/scr_minos-300x190.png 300w\" sizes=\"auto, (max-width: 649px) 100vw, 649px\" \/><\/figure>\n<\/figure>\n\n\n\n<figure class=\"wp-block-gallery has-nested-images columns-default is-cropped wp-block-gallery-2 is-layout-flex wp-block-gallery-is-layout-flex\">\n<figure class=\"wp-block-image size-large\"><img loading=\"lazy\" decoding=\"async\" width=\"654\" height=\"409\" data-id=\"92\" src=\"https:\/\/yogtze.fr\/wp-content\/uploads\/2026\/03\/scr_serpenta.png\" alt=\"\" class=\"wp-image-92\" srcset=\"https:\/\/yogtze.fr\/wp-content\/uploads\/2026\/03\/scr_serpenta.png 654w, https:\/\/yogtze.fr\/wp-content\/uploads\/2026\/03\/scr_serpenta-300x188.png 300w\" sizes=\"auto, (max-width: 654px) 100vw, 654px\" \/><\/figure>\n\n\n\n<figure class=\"wp-block-image size-large\"><img loading=\"lazy\" decoding=\"async\" width=\"768\" height=\"540\" data-id=\"88\" src=\"https:\/\/yogtze.fr\/wp-content\/uploads\/2026\/03\/scr_intro.png\" alt=\"\" class=\"wp-image-88\" srcset=\"https:\/\/yogtze.fr\/wp-content\/uploads\/2026\/03\/scr_intro.png 768w, https:\/\/yogtze.fr\/wp-content\/uploads\/2026\/03\/scr_intro-300x211.png 300w\" sizes=\"auto, (max-width: 768px) 100vw, 768px\" \/><\/figure>\n<\/figure>\n\n\n\n<div class=\"wp-block-group has-global-padding is-layout-constrained wp-block-group-is-layout-constrained\">\n<p><strong>Configuration requise<\/strong> :<\/p>\n\n\n\n<ul class=\"wp-block-list\">\n<li>Un Amstrad CPC avec 128K de RAM<\/li>\n\n\n\n<li>Un lecteur de disquettes 3&#8243; ou \u00e9mulateur de lecteur <\/li>\n<\/ul>\n<\/div>\n\n\n\n<p><\/p>\n\n\n\n<p><strong>Configuration recommand\u00e9e<\/strong> :<\/p>\n\n\n\n<ul class=\"wp-block-list\">\n<li>Un Amstrad CPC avec 128K de RAM<\/li>\n\n\n\n<li>Un lecteur USB ou SD (Gotek\/Hxc\/ZaxDrive)<\/li>\n\n\n\n<li>Un joystick ou un paddle avec 2 boutons<\/li>\n<\/ul>\n\n\n\n<p><\/p>\n\n\n\n<p>Castle Aventure est disponible en 2 versions :<\/p>\n\n\n\n<ul class=\"wp-block-list\">\n<li>Classique : 1 disquette 3&#8243;<\/li>\n\n\n\n<li>Moderne : 1 Mini disquette au format USB + 1 carte SD (compatible Gotek\/ZaxDrive\/Hxc ect)<\/li>\n<\/ul>\n\n\n\n<p>Les deux versions comprennent boitier , jaquette et notice. Chaque exemplaire poss\u00e8de son propre num\u00e9ro de s\u00e9rie.<\/p>\n\n\n\n<figure class=\"wp-block-image size-large\"><img loading=\"lazy\" decoding=\"async\" width=\"1024\" height=\"603\" src=\"https:\/\/yogtze.fr\/wp-content\/uploads\/2026\/04\/IMG20260403172636-1024x603.jpg\" alt=\"\" class=\"wp-image-119\" srcset=\"https:\/\/yogtze.fr\/wp-content\/uploads\/2026\/04\/IMG20260403172636-1024x603.jpg 1024w, https:\/\/yogtze.fr\/wp-content\/uploads\/2026\/04\/IMG20260403172636-300x177.jpg 300w, https:\/\/yogtze.fr\/wp-content\/uploads\/2026\/04\/IMG20260403172636-768x452.jpg 768w, https:\/\/yogtze.fr\/wp-content\/uploads\/2026\/04\/IMG20260403172636-1536x904.jpg 1536w, https:\/\/yogtze.fr\/wp-content\/uploads\/2026\/04\/IMG20260403172636-2048x1206.jpg 2048w\" sizes=\"auto, (max-width: 1024px) 100vw, 1024px\" \/><figcaption class=\"wp-element-caption\">Prototype avec boitier et disquette 3&#8243; pour l&#8217;\u00e9chelle<\/figcaption><\/figure>\n\n\n\n<p>Vous pouvez t\u00e9l\u00e9charger une version de d\u00e9monstration ici : <\/p>\n\n\n\n<p>(Click droit et enregistrer sous avec Chrome)<\/p>\n\n\n\n<div class=\"wp-block-file\"><a id=\"wp-block-file--media-f8be2b69-adb7-44d8-85e0-e2b0360e45d2\" href=\"https:\/\/yogtze.fr\/wp-content\/uploads\/2026\/04\/CastleAdventure6128_demo.zip\">CastleAdventure6128_demo<\/a><a href=\"https:\/\/yogtze.fr\/wp-content\/uploads\/2026\/04\/CastleAdventure6128_demo.zip\" class=\"wp-block-file__button wp-element-button\" download aria-describedby=\"wp-block-file--media-f8be2b69-adb7-44d8-85e0-e2b0360e45d2\">Download<\/a><\/div>\n\n\n\n<p><\/p>\n\n\n\n<p>Vous pouvez vous inscrire sur la liste de pr\u00e9commande ci dessous , vous recevrez un e-mail de confirmation \u00e0 l&#8217;issue puis une demande de  confirmation avec le paiement.<\/p>\n\n\n\n<p>Les tarifs sont hors frais de ports , un document est disponible pour les frais de ports : <\/p>\n\n\n\n<div class=\"wp-block-file\"><a id=\"wp-block-file--media-db2741c8-fc2b-4f4b-8f3f-16aff149f1e3\" href=\"https:\/\/yogtze.fr\/wp-content\/uploads\/2026\/04\/frais_de_port.txt\">frais_de_port<\/a><a href=\"https:\/\/yogtze.fr\/wp-content\/uploads\/2026\/04\/frais_de_port.txt\" class=\"wp-block-file__button wp-element-button\" download aria-describedby=\"wp-block-file--media-db2741c8-fc2b-4f4b-8f3f-16aff149f1e3\">Download<\/a><\/div>\n\n\n<style id=\"wpforms-css-vars-23-block-1ba843c7-4274-4a07-ab21-e3285ece48ce\">\n\t\t\t\t#wpforms-23.wpforms-block-1ba843c7-4274-4a07-ab21-e3285ece48ce {\n\t\t\t\t--wpforms-label-color: #c7d0e0;\n--wpforms-label-sublabel-color: rgba(0, 0, 0, 0.55);\n--wpforms-field-border-color: rgba(0, 0, 0, 0.25);\n--wpforms-field-border-color-spare: rgba(0, 0, 0, 0.25);\n--wpforms-field-text-color: rgba(0, 0, 0, 0.7);\n--wpforms-field-size-input-height: 43px;\n--wpforms-field-size-input-spacing: 15px;\n--wpforms-field-size-font-size: 16px;\n--wpforms-field-size-line-height: 19px;\n--wpforms-field-size-padding-h: 14px;\n--wpforms-field-size-checkbox-size: 16px;\n--wpforms-field-size-sublabel-spacing: 5px;\n--wpforms-field-size-icon-size: 1;\n--wpforms-label-size-font-size: 16px;\n--wpforms-label-size-line-height: 19px;\n--wpforms-label-size-sublabel-font-size: 14px;\n--wpforms-label-size-sublabel-line-height: 17px;\n--wpforms-button-size-font-size: 17px;\n--wpforms-button-size-height: 41px;\n--wpforms-button-size-padding-h: 15px;\n--wpforms-button-size-margin-top: 10px;\n\t\t\t}\n\t\t\t<\/style><div class=\"wpforms-container wpforms-container-full wpforms-block wpforms-block-1ba843c7-4274-4a07-ab21-e3285ece48ce wpforms-render-modern\" id=\"wpforms-23\"><form id=\"wpforms-form-23\" class=\"wpforms-validate wpforms-form wpforms-ajax-form\" data-formid=\"23\" method=\"post\" enctype=\"multipart\/form-data\" action=\"\/index.php\/wp-json\/wp\/v2\/pages\/105\" data-token=\"411009eea9632300cd77dc35820ff073\" data-token-time=\"1776032720\"><noscript class=\"wpforms-error-noscript\">Please enable JavaScript in your browser to complete this form.<\/noscript><div id=\"wpforms-error-noscript\" style=\"display: none;\">Please enable JavaScript in your browser to complete this form.<\/div><div class=\"wpforms-field-container\"><div id=\"wpforms-23-field_2-container\" class=\"wpforms-field wpforms-field-email\" data-field-id=\"2\"><label class=\"wpforms-field-label\" for=\"wpforms-23-field_2\">Email <span class=\"wpforms-required-label\" aria-hidden=\"true\">*<\/span><\/label><input type=\"email\" id=\"wpforms-23-field_2\" class=\"wpforms-field-medium wpforms-field-required\" name=\"wpforms[fields][2]\" spellcheck=\"false\" aria-errormessage=\"wpforms-23-field_2-error\" required><\/div>\t\t<div id=\"wpforms-23-field_1-container\"\n\t\t\tclass=\"wpforms-field wpforms-field-text\"\n\t\t\tdata-field-type=\"text\"\n\t\t\tdata-field-id=\"1\"\n\t\t\t>\n\t\t\t<label class=\"wpforms-field-label\" for=\"wpforms-23-field_1\" >Commentaire card) <\/label>\n\t\t\t<input type=\"text\" id=\"wpforms-23-field_1\" class=\"wpforms-field-medium\" name=\"wpforms[fields][1]\" >\n\t\t<\/div>\n\t\t<div id=\"wpforms-23-field_9-container\" class=\"wpforms-field wpforms-field-select wpforms-field-select-style-classic\" data-field-id=\"9\"><label class=\"wpforms-field-label\" for=\"wpforms-23-field_9\">Ingame language <span class=\"wpforms-required-label\" aria-hidden=\"true\">*<\/span><\/label><select id=\"wpforms-23-field_9\" class=\"wpforms-field-medium wpforms-field-required\" name=\"wpforms[fields][9]\" required=\"required\"><option value=\"\" class=\"placeholder\" disabled >&#8212; Select Choice &#8212;<\/option><option value=\"Fran\u00e7ais\"  selected='selected' class=\"choice-1 depth-1\"  >Fran\u00e7ais<\/option><option value=\"English\"  class=\"choice-2 depth-1\"  >English<\/option><option value=\"Espa\u00f1ol\"  class=\"choice-3 depth-1\"  >Espa\u00f1ol<\/option><option value=\"Deutsch\"  class=\"choice-4 depth-1\"  >Deutsch<\/option><\/select><\/div><div id=\"wpforms-23-field_12-container\" class=\"wpforms-field wpforms-field-select wpforms-field-select-style-classic\" data-field-id=\"12\"><label class=\"wpforms-field-label\" for=\"wpforms-23-field_12\">Original (3&quot; edition) <span class=\"wpforms-required-label\" aria-hidden=\"true\">*<\/span><\/label><select id=\"wpforms-23-field_12\" class=\"wpforms-field-medium wpforms-field-required\" name=\"wpforms[fields][12]\" required=\"required\"><option value=\"no order\"  selected='selected' class=\"choice-1 depth-1\"  >no order<\/option><option value=\"x1 - 30\u20ac\"  class=\"choice-2 depth-1\"  >x1 &#8211; 30\u20ac<\/option><option value=\"x2 - 60\u20ac\"  class=\"choice-4 depth-1\"  >x2 &#8211; 60\u20ac<\/option><\/select><\/div><div id=\"wpforms-23-field_13-container\" class=\"wpforms-field wpforms-field-select wpforms-field-select-style-classic\" data-field-id=\"13\"><label class=\"wpforms-field-label\" for=\"wpforms-23-field_13\">Modern (Mini 3&quot; USB disk + SD card) <span class=\"wpforms-required-label\" aria-hidden=\"true\">*<\/span><\/label><select id=\"wpforms-23-field_13\" class=\"wpforms-field-medium wpforms-field-required\" name=\"wpforms[fields][13]\" required=\"required\"><option value=\"no order\"  selected='selected' class=\"choice-1 depth-1\"  >no order<\/option><option value=\"x1 - 35\u20ac\"  class=\"choice-2 depth-1\"  >x1 &#8211; 35\u20ac<\/option><option value=\"x2 - 70\u20ac\"  class=\"choice-3 depth-1\"  >x2 &#8211; 70\u20ac<\/option><\/select><\/div><div id=\"wpforms-23-field_19-container\" class=\"wpforms-field wpforms-field-text\" data-field-id=\"19\"><label class=\"wpforms-field-label\" for=\"wpforms-23-field_19\">Nom \/ Last Name \/ Apellidos \/ Nachname <span class=\"wpforms-required-label\" aria-hidden=\"true\">*<\/span><\/label><input type=\"text\" id=\"wpforms-23-field_19\" class=\"wpforms-field-medium wpforms-field-required\" name=\"wpforms[fields][19]\" aria-errormessage=\"wpforms-23-field_19-error\" required><\/div><div id=\"wpforms-23-field_20-container\" class=\"wpforms-field wpforms-field-text\" data-field-id=\"20\"><label class=\"wpforms-field-label\" for=\"wpforms-23-field_20\">Pr\u00e9nom \/ First Name . Nombre \/ Vorname <span class=\"wpforms-required-label\" aria-hidden=\"true\">*<\/span><\/label><input type=\"text\" id=\"wpforms-23-field_20\" class=\"wpforms-field-medium wpforms-field-required\" name=\"wpforms[fields][20]\" aria-errormessage=\"wpforms-23-field_20-error\" required><\/div><div id=\"wpforms-23-field_22-container\" class=\"wpforms-field wpforms-field-select wpforms-field-select-style-classic\" data-field-id=\"22\"><label class=\"wpforms-field-label\" for=\"wpforms-23-field_22\">Pays \/ Country \/ Pais \/ Land <span class=\"wpforms-required-label\" aria-hidden=\"true\">*<\/span><\/label><select id=\"wpforms-23-field_22\" class=\"wpforms-field-medium wpforms-field-required\" name=\"wpforms[fields][22]\" required=\"required\"><option value=\"France\"  selected='selected' class=\"choice-1 depth-1\"  >France<\/option><option value=\"U.K\"  class=\"choice-10 depth-1\"  >U.K<\/option><option value=\"Deutschland\"  class=\"choice-2 depth-1\"  >Deutschland<\/option><option value=\"Belgique\"  class=\"choice-3 depth-1\"  >Belgique<\/option><option value=\"Espa\u00f1a\"  class=\"choice-4 depth-1\"  >Espa\u00f1a<\/option><option value=\"Italia\"  class=\"choice-5 depth-1\"  >Italia<\/option><option value=\"Luxembourg\"  class=\"choice-6 depth-1\"  >Luxembourg<\/option><option value=\"Nederland\"  class=\"choice-7 depth-1\"  >Nederland<\/option><option value=\"Portugal\"  class=\"choice-8 depth-1\"  >Portugal<\/option><option value=\"Other (add in comments)\"  class=\"choice-9 depth-1\"  >Other (add in comments)<\/option><\/select><\/div><div id=\"wpforms-23-field_23-container\" class=\"wpforms-field wpforms-field-textarea\" data-field-id=\"23\"><label class=\"wpforms-field-label\" for=\"wpforms-23-field_23\">Commentaire  \/ Comment<\/label><textarea id=\"wpforms-23-field_23\" class=\"wpforms-field-medium\" name=\"wpforms[fields][23]\" aria-errormessage=\"wpforms-23-field_23-error\" ><\/textarea><\/div><script>\n\t\t\t\t( function() {\n\t\t\t\t\tconst style = document.createElement( 'style' );\n\t\t\t\t\tstyle.appendChild( document.createTextNode( '#wpforms-23-field_1-container { position: absolute !important; overflow: hidden !important; display: inline !important; height: 1px !important; width: 1px !important; z-index: -1000 !important; padding: 0 !important; } #wpforms-23-field_1-container input { visibility: hidden; } #wpforms-conversational-form-page #wpforms-23-field_1-container label { counter-increment: none; }' ) );\n\t\t\t\t\tdocument.head.appendChild( style );\n\t\t\t\t\tdocument.currentScript?.remove();\n\t\t\t\t} )();\n\t\t\t<\/script><\/div><!-- .wpforms-field-container --><div class=\"wpforms-submit-container\" ><input type=\"hidden\" name=\"wpforms[id]\" value=\"23\"><input type=\"hidden\" name=\"page_title\" value=\"\"><input type=\"hidden\" name=\"page_url\" value=\"https:\/\/yogtze.fr\/index.php\/wp-json\/wp\/v2\/pages\/105\"><input type=\"hidden\" name=\"url_referer\" value=\"\"><button type=\"submit\" name=\"wpforms[submit]\" id=\"wpforms-submit-23\" class=\"wpforms-submit\" data-alt-text=\"Order sent\" data-submit-text=\"Pre Order !\" aria-live=\"assertive\" value=\"wpforms-submit\">Pre Order !<\/button><img loading=\"lazy\" decoding=\"async\" src=\"https:\/\/yogtze.fr\/wp-content\/plugins\/wpforms-lite\/assets\/images\/submit-spin.svg\" class=\"wpforms-submit-spinner\" style=\"display: none;\" width=\"26\" height=\"26\" alt=\"Loading\"><\/div><\/form><\/div>  <!-- .wpforms-container -->","protected":false},"excerpt":{"rendered":"<p>Apr\u00e8s tant d&#8217;attente , Easter Egg est heureux de pouvoir vous pr\u00e9senter Castle Adventure ! Castle Adventure c&#8217;est : Configuration requise : Configuration recommand\u00e9e : Castle Aventure est disponible en 2 versions : Les deux versions comprennent boitier , jaquette et notice. Chaque exemplaire poss\u00e8de son propre num\u00e9ro de s\u00e9rie. Vous pouvez t\u00e9l\u00e9charger une version [&hellip;]<\/p>\n","protected":false},"author":1,"featured_media":0,"parent":0,"menu_order":0,"comment_status":"closed","ping_status":"closed","template":"","meta":{"footnotes":""},"class_list":["post-105","page","type-page","status-publish","hentry"],"_links":{"self":[{"href":"https:\/\/yogtze.fr\/index.php\/wp-json\/wp\/v2\/pages\/105","targetHints":{"allow":["GET"]}}],"collection":[{"href":"https:\/\/yogtze.fr\/index.php\/wp-json\/wp\/v2\/pages"}],"about":[{"href":"https:\/\/yogtze.fr\/index.php\/wp-json\/wp\/v2\/types\/page"}],"author":[{"embeddable":true,"href":"https:\/\/yogtze.fr\/index.php\/wp-json\/wp\/v2\/users\/1"}],"replies":[{"embeddable":true,"href":"https:\/\/yogtze.fr\/index.php\/wp-json\/wp\/v2\/comments?post=105"}],"version-history":[{"count":9,"href":"https:\/\/yogtze.fr\/index.php\/wp-json\/wp\/v2\/pages\/105\/revisions"}],"predecessor-version":[{"id":173,"href":"https:\/\/yogtze.fr\/index.php\/wp-json\/wp\/v2\/pages\/105\/revisions\/173"}],"wp:attachment":[{"href":"https:\/\/yogtze.fr\/index.php\/wp-json\/wp\/v2\/media?parent=105"}],"curies":[{"name":"wp","href":"https:\/\/api.w.org\/{rel}","templated":true}]}}